{"id":1478,"date":"2025-09-11T13:42:29","date_gmt":"2025-09-11T11:42:29","guid":{"rendered":"https:\/\/www.vivre-libre-en-soi.net\/?page_id=1478"},"modified":"2025-11-26T17:58:44","modified_gmt":"2025-11-26T16:58:44","slug":"accueil","status":"publish","type":"page","link":"https:\/\/www.vivre-libre-en-soi.net\/","title":{"rendered":"Accueil"},"content":{"rendered":"\t\t<div data-elementor-type=\"wp-page\" data-elementor-id=\"1478\" class=\"elementor elementor-1478\" data-elementor-post-type=\"page\">\n\t\t\t\t<div class=\"elementor-element elementor-element-da5f731 e-flex e-con-boxed e-con e-parent\" data-id=\"da5f731\" data-element_type=\"container\" data-settings=\"{&quot;background_background&quot;:&quot;classic&quot;}\">\n\t\t\t\t\t<div class=\"e-con-inner\">\n\t\t\t\t<div class=\"elementor-element elementor-element-bcb3c3b elementor-widget elementor-widget-heading\" data-id=\"bcb3c3b\" data-element_type=\"widget\" data-widget_type=\"heading.default\">\n\t\t\t\t<div class=\"elementor-widget-container\">\n\t\t\t\t\t<h2 class=\"elementor-heading-title elementor-size-default\">Vivre libre en soi...<\/h2>\t\t\t\t<\/div>\n\t\t\t\t<\/div>\n\t\t\t\t\t<\/div>\n\t\t\t\t<\/div>\n\t\t<div class=\"elementor-element elementor-element-c0bb53b e-flex e-con-boxed e-con e-parent\" data-id=\"c0bb53b\" data-element_type=\"container\" data-settings=\"{&quot;background_background&quot;:&quot;classic&quot;}\">\n\t\t\t\t\t<div class=\"e-con-inner\">\n\t\t<div class=\"elementor-element elementor-element-845799b e-flex e-con-boxed e-con e-child\" data-id=\"845799b\" data-element_type=\"container\">\n\t\t\t\t\t<div class=\"e-con-inner\">\n\t\t<div class=\"elementor-element elementor-element-8f01c79 e-con-full e-flex e-con e-child\" data-id=\"8f01c79\" data-element_type=\"container\">\n\t\t\t\t<div class=\"elementor-element elementor-element-eebb060 elementor-widget__width-initial elementor-widget elementor-widget-image\" data-id=\"eebb060\" data-element_type=\"widget\" data-widget_type=\"image.default\">\n\t\t\t\t<div class=\"elementor-widget-container\">\n\t\t\t\t\t\t\t\t\t\t\t\t\t\t\t<img fetchpriority=\"high\" decoding=\"async\" width=\"701\" height=\"700\" src=\"https:\/\/www.vivre-libre-en-soi.net\/wp-content\/uploads\/2025\/11\/cercle-peinture-degrade-violet.png\" class=\"attachment-full size-full wp-image-3271\" alt=\"\" srcset=\"https:\/\/www.vivre-libre-en-soi.net\/wp-content\/uploads\/2025\/11\/cercle-peinture-degrade-violet.png 701w, https:\/\/www.vivre-libre-en-soi.net\/wp-content\/uploads\/2025\/11\/cercle-peinture-degrade-violet-300x300.png 300w, https:\/\/www.vivre-libre-en-soi.net\/wp-content\/uploads\/2025\/11\/cercle-peinture-degrade-violet-150x150.png 150w\" sizes=\"(max-width: 701px) 100vw, 701px\" \/>\t\t\t\t\t\t\t\t\t\t\t\t\t\t\t<\/div>\n\t\t\t\t<\/div>\n\t\t\t\t<div class=\"elementor-element elementor-element-1148fca elementor-widget__width-initial elementor-blockquote--skin-clean elementor-widget elementor-widget-blockquote\" data-id=\"1148fca\" data-element_type=\"widget\" data-widget_type=\"blockquote.default\">\n\t\t\t\t<div class=\"elementor-widget-container\">\n\t\t\t\t\t\t\t<blockquote class=\"elementor-blockquote\">\n\t\t\t<p class=\"elementor-blockquote__content\">\n\t\t\t\t\"Vivre libre en soi, c\u2019est vivre<br> le c\u0153ur et l\u2019esprit libres de la pression psychique...\"\t\t\t<\/p>\n\t\t\t\t\t\t\t<div class=\"e-q-footer\">\n\t\t\t\t\t\t\t\t\t\t\t<cite class=\"elementor-blockquote__author\">Fr\u00e9d\u00e9ric Faure<\/cite>\n\t\t\t\t\t\t\t\t\t\t\t\t\t\t<\/div>\n\t\t\t\t\t<\/blockquote>\n\t\t\t\t\t\t<\/div>\n\t\t\t\t<\/div>\n\t\t\t\t<\/div>\n\t\t<div class=\"elementor-element elementor-element-2b842b4 e-con-full e-flex e-con e-child\" data-id=\"2b842b4\" data-element_type=\"container\">\n\t\t\t\t<div class=\"elementor-element elementor-element-d36ddca elementor-widget elementor-widget-text-editor\" data-id=\"d36ddca\" data-element_type=\"widget\" data-widget_type=\"text-editor.default\">\n\t\t\t\t<div class=\"elementor-widget-container\">\n\t\t\t\t\t\t\t\t\t<p>L&rsquo;aspiration \u00e0 vivre cette libert\u00e9 sublime peut \u00eatre orient\u00e9e et accompagn\u00e9e&#8230;<\/p>\t\t\t\t\t\t\t\t<\/div>\n\t\t\t\t<\/div>\n\t\t\t\t<\/div>\n\t\t\t\t\t<\/div>\n\t\t\t\t<\/div>\n\t\t\t\t\t<\/div>\n\t\t\t\t<\/div>\n\t\t<div class=\"elementor-element elementor-element-bbd66cd e-flex e-con-boxed e-con e-parent\" data-id=\"bbd66cd\" data-element_type=\"container\" data-settings=\"{&quot;background_background&quot;:&quot;classic&quot;}\">\n\t\t\t\t\t<div class=\"e-con-inner\">\n\t\t<div class=\"elementor-element elementor-element-726496e e-flex e-con-boxed e-con e-child\" data-id=\"726496e\" data-element_type=\"container\">\n\t\t\t\t\t<div class=\"e-con-inner\">\n\t\t<div class=\"elementor-element elementor-element-8d5643a e-con-full e-flex e-con e-child\" data-id=\"8d5643a\" data-element_type=\"container\" data-settings=\"{&quot;background_background&quot;:&quot;classic&quot;}\">\n\t\t\t\t<div class=\"elementor-element elementor-element-c23db20 elementor-widget elementor-widget-heading\" data-id=\"c23db20\" data-element_type=\"widget\" data-widget_type=\"heading.default\">\n\t\t\t\t<div class=\"elementor-widget-container\">\n\t\t\t\t\t<h2 class=\"elementor-heading-title elementor-size-default\">L\u2019ORIENTATION :<\/h2>\t\t\t\t<\/div>\n\t\t\t\t<\/div>\n\t\t\t\t<div class=\"elementor-element elementor-element-f6a5df6 elementor-widget-tablet__width-inherit elementor-widget__width-initial elementor-widget elementor-widget-text-editor\" data-id=\"f6a5df6\" data-element_type=\"widget\" data-widget_type=\"text-editor.default\">\n\t\t\t\t<div class=\"elementor-widget-container\">\n\t\t\t\t\t\t\t\t\t<p>Il s\u2019agit d&rsquo;abord de se rendre disponible \u00e0 une \u00e9coute par le souffle, se confondant avec l\u2019espace intime qui s\u2019offre alors.<\/p><p>Les b\u00e9n\u00e9fices de ce recueillement sont spontan\u00e9s, sans conditions de pens\u00e9e ou de croyance.<\/p>\t\t\t\t\t\t\t\t<\/div>\n\t\t\t\t<\/div>\n\t\t\t\t<div class=\"elementor-element elementor-element-9754628 elementor-blockquote--skin-clean elementor-hidden-desktop elementor-hidden-tablet elementor-blockquote--align-center elementor-widget elementor-widget-blockquote\" data-id=\"9754628\" data-element_type=\"widget\" data-widget_type=\"blockquote.default\">\n\t\t\t\t<div class=\"elementor-widget-container\">\n\t\t\t\t\t\t\t<blockquote class=\"elementor-blockquote\">\n\t\t\t<p class=\"elementor-blockquote__content\">\n\t\t\t\t\"N\u2019\u00e9coute pas avec ton esprit mais avec ton souffle.\"\t\t\t<\/p>\n\t\t\t\t\t<\/blockquote>\n\t\t\t\t\t\t<\/div>\n\t\t\t\t<\/div>\n\t\t\t\t<div class=\"elementor-element elementor-element-3ec187b elementor-blockquote--skin-clean elementor-hidden-desktop elementor-hidden-tablet elementor-blockquote--align-center elementor-widget elementor-widget-blockquote\" data-id=\"3ec187b\" data-element_type=\"widget\" data-widget_type=\"blockquote.default\">\n\t\t\t\t<div class=\"elementor-widget-container\">\n\t\t\t\t\t\t\t<blockquote class=\"elementor-blockquote\">\n\t\t\t<p class=\"elementor-blockquote__content\">\n\t\t\t\t\u00ab\u00a0\u2026 le souffle forme un creux apte \u00e0 accueillir le monde ext\u00e9rieur.&nbsp;\u00bb\t\t\t<\/p>\n\t\t\t\t\t\t\t<div class=\"e-q-footer\">\n\t\t\t\t\t\t\t\t\t\t\t<cite class=\"elementor-blockquote__author\">in Tchouang Tseu<br \/> (Les \u0152uvres de Ma\u00eetre Tchouang,<br \/> chap. IV, trad. Jean Levi).<\/cite>\n\t\t\t\t\t\t\t\t\t\t\t\t\t\t<\/div>\n\t\t\t\t\t<\/blockquote>\n\t\t\t\t\t\t<\/div>\n\t\t\t\t<\/div>\n\t\t\t\t<div class=\"elementor-element elementor-element-2455aa5 elementor-hidden-mobile elementor-widget__width-initial elementor-blockquote--skin-clean elementor-blockquote--align-center elementor-widget elementor-widget-blockquote\" data-id=\"2455aa5\" data-element_type=\"widget\" data-widget_type=\"blockquote.default\">\n\t\t\t\t<div class=\"elementor-widget-container\">\n\t\t\t\t\t\t\t<blockquote class=\"elementor-blockquote\">\n\t\t\t<p class=\"elementor-blockquote__content\">\n\t\t\t\t\u00ab N\u2019\u00e9coute pas avec ton esprit<br \/> mais avec ton souffle.\u00a0\u00bb\t\t\t<\/p>\n\t\t\t\t\t<\/blockquote>\n\t\t\t\t\t\t<\/div>\n\t\t\t\t<\/div>\n\t\t\t\t<div class=\"elementor-element elementor-element-6427058 elementor-hidden-mobile elementor-widget__width-initial elementor-blockquote--skin-clean elementor-blockquote--align-center elementor-widget elementor-widget-blockquote\" data-id=\"6427058\" data-element_type=\"widget\" data-widget_type=\"blockquote.default\">\n\t\t\t\t<div class=\"elementor-widget-container\">\n\t\t\t\t\t\t\t<blockquote class=\"elementor-blockquote\">\n\t\t\t<p class=\"elementor-blockquote__content\">\n\t\t\t\t\n\u00ab\u00a0\u2026 le souffle forme un creux apte<br \/> \u00e0 accueillir le monde ext\u00e9rieur.&nbsp;\u00bb\t\t\t<\/p>\n\t\t\t\t\t\t\t<div class=\"e-q-footer\">\n\t\t\t\t\t\t\t\t\t\t\t<cite class=\"elementor-blockquote__author\">in Tchouang Tseu<br \/> (Les \u0152uvres de Ma\u00eetre Tchouang,<br \/> chap. IV, trad. Jean Levi).<\/cite>\n\t\t\t\t\t\t\t\t\t\t\t\t\t\t<\/div>\n\t\t\t\t\t<\/blockquote>\n\t\t\t\t\t\t<\/div>\n\t\t\t\t<\/div>\n\t\t\t\t<\/div>\n\t\t\t\t\t<\/div>\n\t\t\t\t<\/div>\n\t\t\t\t\t<\/div>\n\t\t\t\t<\/div>\n\t\t<div class=\"elementor-element elementor-element-7b72830 e-flex e-con-boxed e-con e-parent\" data-id=\"7b72830\" data-element_type=\"container\" data-settings=\"{&quot;background_background&quot;:&quot;classic&quot;}\">\n\t\t\t\t\t<div class=\"e-con-inner\">\n\t\t<div class=\"elementor-element elementor-element-918c74b e-flex e-con-boxed e-con e-child\" data-id=\"918c74b\" data-element_type=\"container\">\n\t\t\t\t\t<div class=\"e-con-inner\">\n\t\t<div class=\"elementor-element elementor-element-b828056 e-con-full e-flex e-con e-child\" data-id=\"b828056\" data-element_type=\"container\">\n\t\t\t\t<div class=\"elementor-element elementor-element-c49e47b elementor-widget elementor-widget-heading\" data-id=\"c49e47b\" data-element_type=\"widget\" data-widget_type=\"heading.default\">\n\t\t\t\t<div class=\"elementor-widget-container\">\n\t\t\t\t\t<h2 class=\"elementor-heading-title elementor-size-default\">L'ACCOMPAGNEMENT :<\/h2>\t\t\t\t<\/div>\n\t\t\t\t<\/div>\n\t\t\t\t<div class=\"elementor-element elementor-element-45bd127 elementor-widget elementor-widget-text-editor\" data-id=\"45bd127\" data-element_type=\"widget\" data-widget_type=\"text-editor.default\">\n\t\t\t\t<div class=\"elementor-widget-container\">\n\t\t\t\t\t\t\t\t\t<p>\u00ab\u00a0Tout jeune homme, l\u2019audition d\u2019une parole de la Bhagavad-G\u0131\u0302ta\u0302 (II, 57) me laissa dans l\u2019e\u0301vidence qu\u2019il e\u0301tait possible de pre\u0301server son c\u0153ur, son esprit, de l\u2019influence des circonstances.<\/p><p>Le contact avec cette liberte\u0301 a d\u2019abord e\u0301te\u0301 inopine\u0301 et e\u0301phe\u0301me\u0300re ; inspire\u0301 par la consultation livresque ou pre\u0301sentielle de ses te\u0301moins, je l&rsquo;appre\u0301ciais a\u0300 nouveau au travers de moments de\u0301die\u0301s, avant de pouvoir la gou\u0302ter dans sa permanence et sa simplicite\u0301.\u00a0\u00bb<\/p>\t\t\t\t\t\t\t\t<\/div>\n\t\t\t\t<\/div>\n\t\t\t\t<\/div>\n\t\t\t\t\t<\/div>\n\t\t\t\t<\/div>\n\t\t\t\t\t<\/div>\n\t\t\t\t<\/div>\n\t\t<div class=\"elementor-element elementor-element-0a3c890 e-flex e-con-boxed e-con e-parent\" data-id=\"0a3c890\" data-element_type=\"container\" data-settings=\"{&quot;background_background&quot;:&quot;classic&quot;}\">\n\t\t\t\t\t<div class=\"e-con-inner\">\n\t\t<div class=\"elementor-element elementor-element-9b355a5 e-flex e-con-boxed e-con e-child\" data-id=\"9b355a5\" data-element_type=\"container\">\n\t\t\t\t\t<div class=\"e-con-inner\">\n\t\t<div class=\"elementor-element elementor-element-1d93b47 e-con-full e-flex e-con e-child\" data-id=\"1d93b47\" data-element_type=\"container\" data-settings=\"{&quot;background_background&quot;:&quot;classic&quot;}\">\n\t\t\t\t<div class=\"elementor-element elementor-element-7a7db73 elementor-widget elementor-widget-image\" data-id=\"7a7db73\" data-element_type=\"widget\" data-widget_type=\"image.default\">\n\t\t\t\t<div class=\"elementor-widget-container\">\n\t\t\t\t\t\t\t\t\t\t\t\t\t\t\t<img decoding=\"async\" width=\"605\" height=\"889\" src=\"https:\/\/www.vivre-libre-en-soi.net\/wp-content\/uploads\/2025\/11\/imagegrand.png\" class=\"attachment-large size-large wp-image-3117\" alt=\"\" srcset=\"https:\/\/www.vivre-libre-en-soi.net\/wp-content\/uploads\/2025\/11\/imagegrand.png 605w, https:\/\/www.vivre-libre-en-soi.net\/wp-content\/uploads\/2025\/11\/imagegrand-204x300.png 204w\" sizes=\"(max-width: 605px) 100vw, 605px\" \/>\t\t\t\t\t\t\t\t\t\t\t\t\t\t\t<\/div>\n\t\t\t\t<\/div>\n\t\t\t\t<div class=\"elementor-element elementor-element-c063086 elementor-widget__width-initial elementor-widget elementor-widget-text-editor\" data-id=\"c063086\" data-element_type=\"widget\" data-widget_type=\"text-editor.default\">\n\t\t\t\t<div class=\"elementor-widget-container\">\n\t\t\t\t\t\t\t\t\t<p>Un accompagnement<br \/>sans but the\u0301rapeutique,<br \/>sans affiliation philosophique<br \/>ou religieuse est possible<br \/>avec Fre\u0301de\u0301ric Faure,<br \/>a\u0300 Lyon ou en visio.<\/p>\t\t\t\t\t\t\t\t<\/div>\n\t\t\t\t<\/div>\n\t\t\t\t<\/div>\n\t\t\t\t\t<\/div>\n\t\t\t\t<\/div>\n\t\t\t\t\t<\/div>\n\t\t\t\t<\/div>\n\t\t\t\t<\/div>\n\t\t","protected":false},"excerpt":{"rendered":"<p>Vivre libre en soi&#8230; \u00ab\u00a0Vivre libre en soi, c\u2019est vivre le c\u0153ur et l\u2019esprit libres de la pression psychique&#8230;\u00a0\u00bb Fr\u00e9d\u00e9ric Faure L&rsquo;aspiration \u00e0 vivre cette libert\u00e9 sublime peut \u00eatre orient\u00e9e et accompagn\u00e9e&#8230; L\u2019ORIENTATION : Il s\u2019agit d&rsquo;abord de se rendre disponible \u00e0 une \u00e9coute par le souffle, se confondant avec l\u2019espace intime qui s\u2019offre alors. [&hellip;]<\/p>\n","protected":false},"author":1,"featured_media":3300,"parent":0,"menu_order":0,"comment_status":"closed","ping_status":"closed","template":"","meta":{"footnotes":""},"class_list":["post-1478","page","type-page","status-publish","has-post-thumbnail","hentry"],"yoast_head":"<!-- This site is optimized with the Yoast SEO plugin v26.5 - https:\/\/yoast.com\/wordpress\/plugins\/seo\/ -->\n<title>Vivre libre en soi...<\/title>\n<meta name=\"description\" content=\"Vivre libre en soi : un accompagnement d\u00e9di\u00e9 \u00e0 la libert\u00e9 inn\u00e9e\" \/>\n<meta name=\"robots\" content=\"index, follow, max-snippet:-1, max-image-preview:large, max-video-preview:-1\" \/>\n<link rel=\"canonical\" href=\"https:\/\/www.vivre-libre-en-soi.net\/\" \/>\n<meta property=\"og:locale\" content=\"fr_FR\" \/>\n<meta property=\"og:type\" content=\"article\" \/>\n<meta property=\"og:title\" content=\"Vivre libre en soi...\" \/>\n<meta property=\"og:description\" content=\"Vivre libre en soi : un accompagnement d\u00e9di\u00e9 \u00e0 la libert\u00e9 inn\u00e9e\" \/>\n<meta property=\"og:url\" content=\"https:\/\/www.vivre-libre-en-soi.net\/\" \/>\n<meta property=\"article:modified_time\" content=\"2025-11-26T16:58:44+00:00\" \/>\n<meta property=\"og:image\" content=\"https:\/\/www.vivre-libre-en-soi.net\/wp-content\/uploads\/2025\/11\/cercle-vles.png\" \/>\n\t<meta property=\"og:image:width\" content=\"800\" \/>\n\t<meta property=\"og:image:height\" content=\"638\" \/>\n\t<meta property=\"og:image:type\" content=\"image\/png\" \/>\n<meta name=\"twitter:card\" content=\"summary_large_image\" \/>\n<meta name=\"twitter:label1\" content=\"Dur\u00e9e de lecture estim\u00e9e\" \/>\n\t<meta name=\"twitter:data1\" content=\"2 minutes\" \/>\n<script type=\"application\/ld+json\" class=\"yoast-schema-graph\">{\"@context\":\"https:\/\/schema.org\",\"@graph\":[{\"@type\":\"WebPage\",\"@id\":\"https:\/\/www.vivre-libre-en-soi.net\/\",\"url\":\"https:\/\/www.vivre-libre-en-soi.net\/\",\"name\":\"Vivre libre en soi...\",\"isPartOf\":{\"@id\":\"https:\/\/www.vivre-libre-en-soi.net\/#website\"},\"primaryImageOfPage\":{\"@id\":\"https:\/\/www.vivre-libre-en-soi.net\/#primaryimage\"},\"image\":{\"@id\":\"https:\/\/www.vivre-libre-en-soi.net\/#primaryimage\"},\"thumbnailUrl\":\"https:\/\/www.vivre-libre-en-soi.net\/wp-content\/uploads\/2025\/11\/cercle-vles.png\",\"datePublished\":\"2025-09-11T11:42:29+00:00\",\"dateModified\":\"2025-11-26T16:58:44+00:00\",\"description\":\"Vivre libre en soi : un accompagnement d\u00e9di\u00e9 \u00e0 la libert\u00e9 inn\u00e9e\",\"breadcrumb\":{\"@id\":\"https:\/\/www.vivre-libre-en-soi.net\/#breadcrumb\"},\"inLanguage\":\"fr-FR\",\"potentialAction\":[{\"@type\":\"ReadAction\",\"target\":[\"https:\/\/www.vivre-libre-en-soi.net\/\"]}]},{\"@type\":\"ImageObject\",\"inLanguage\":\"fr-FR\",\"@id\":\"https:\/\/www.vivre-libre-en-soi.net\/#primaryimage\",\"url\":\"https:\/\/www.vivre-libre-en-soi.net\/wp-content\/uploads\/2025\/11\/cercle-vles.png\",\"contentUrl\":\"https:\/\/www.vivre-libre-en-soi.net\/wp-content\/uploads\/2025\/11\/cercle-vles.png\",\"width\":800,\"height\":638},{\"@type\":\"BreadcrumbList\",\"@id\":\"https:\/\/www.vivre-libre-en-soi.net\/#breadcrumb\",\"itemListElement\":[{\"@type\":\"ListItem\",\"position\":1,\"name\":\"Accueil\",\"item\":\"https:\/\/www.vivre-libre-en-soi.net\/\"},{\"@type\":\"ListItem\",\"position\":2,\"name\":\"Accueil\"}]},{\"@type\":\"WebSite\",\"@id\":\"https:\/\/www.vivre-libre-en-soi.net\/#website\",\"url\":\"https:\/\/www.vivre-libre-en-soi.net\/\",\"name\":\"Vivre libre en soi\",\"description\":\"\",\"publisher\":{\"@id\":\"https:\/\/www.vivre-libre-en-soi.net\/#organization\"},\"potentialAction\":[{\"@type\":\"SearchAction\",\"target\":{\"@type\":\"EntryPoint\",\"urlTemplate\":\"https:\/\/www.vivre-libre-en-soi.net\/?s={search_term_string}\"},\"query-input\":{\"@type\":\"PropertyValueSpecification\",\"valueRequired\":true,\"valueName\":\"search_term_string\"}}],\"inLanguage\":\"fr-FR\"},{\"@type\":\"Organization\",\"@id\":\"https:\/\/www.vivre-libre-en-soi.net\/#organization\",\"name\":\"Vivre libre en soi\",\"url\":\"https:\/\/www.vivre-libre-en-soi.net\/\",\"logo\":{\"@type\":\"ImageObject\",\"inLanguage\":\"fr-FR\",\"@id\":\"https:\/\/www.vivre-libre-en-soi.net\/#\/schema\/logo\/image\/\",\"url\":\"https:\/\/www.vivre-libre-en-soi.net\/wp-content\/uploads\/2024\/02\/favicon-VLES.png\",\"contentUrl\":\"https:\/\/www.vivre-libre-en-soi.net\/wp-content\/uploads\/2024\/02\/favicon-VLES.png\",\"width\":1067,\"height\":1067,\"caption\":\"Vivre libre en soi\"},\"image\":{\"@id\":\"https:\/\/www.vivre-libre-en-soi.net\/#\/schema\/logo\/image\/\"}}]}<\/script>\n<!-- \/ Yoast SEO plugin. -->","yoast_head_json":{"title":"Vivre libre en soi...","description":"Vivre libre en soi : un accompagnement d\u00e9di\u00e9 \u00e0 la libert\u00e9 inn\u00e9e","robots":{"index":"index","follow":"follow","max-snippet":"max-snippet:-1","max-image-preview":"max-image-preview:large","max-video-preview":"max-video-preview:-1"},"canonical":"https:\/\/www.vivre-libre-en-soi.net\/","og_locale":"fr_FR","og_type":"article","og_title":"Vivre libre en soi...","og_description":"Vivre libre en soi : un accompagnement d\u00e9di\u00e9 \u00e0 la libert\u00e9 inn\u00e9e","og_url":"https:\/\/www.vivre-libre-en-soi.net\/","article_modified_time":"2025-11-26T16:58:44+00:00","og_image":[{"width":800,"height":638,"url":"https:\/\/www.vivre-libre-en-soi.net\/wp-content\/uploads\/2025\/11\/cercle-vles.png","type":"image\/png"}],"twitter_card":"summary_large_image","twitter_misc":{"Dur\u00e9e de lecture estim\u00e9e":"2 minutes"},"schema":{"@context":"https:\/\/schema.org","@graph":[{"@type":"WebPage","@id":"https:\/\/www.vivre-libre-en-soi.net\/","url":"https:\/\/www.vivre-libre-en-soi.net\/","name":"Vivre libre en soi...","isPartOf":{"@id":"https:\/\/www.vivre-libre-en-soi.net\/#website"},"primaryImageOfPage":{"@id":"https:\/\/www.vivre-libre-en-soi.net\/#primaryimage"},"image":{"@id":"https:\/\/www.vivre-libre-en-soi.net\/#primaryimage"},"thumbnailUrl":"https:\/\/www.vivre-libre-en-soi.net\/wp-content\/uploads\/2025\/11\/cercle-vles.png","datePublished":"2025-09-11T11:42:29+00:00","dateModified":"2025-11-26T16:58:44+00:00","description":"Vivre libre en soi : un accompagnement d\u00e9di\u00e9 \u00e0 la libert\u00e9 inn\u00e9e","breadcrumb":{"@id":"https:\/\/www.vivre-libre-en-soi.net\/#breadcrumb"},"inLanguage":"fr-FR","potentialAction":[{"@type":"ReadAction","target":["https:\/\/www.vivre-libre-en-soi.net\/"]}]},{"@type":"ImageObject","inLanguage":"fr-FR","@id":"https:\/\/www.vivre-libre-en-soi.net\/#primaryimage","url":"https:\/\/www.vivre-libre-en-soi.net\/wp-content\/uploads\/2025\/11\/cercle-vles.png","contentUrl":"https:\/\/www.vivre-libre-en-soi.net\/wp-content\/uploads\/2025\/11\/cercle-vles.png","width":800,"height":638},{"@type":"BreadcrumbList","@id":"https:\/\/www.vivre-libre-en-soi.net\/#breadcrumb","itemListElement":[{"@type":"ListItem","position":1,"name":"Accueil","item":"https:\/\/www.vivre-libre-en-soi.net\/"},{"@type":"ListItem","position":2,"name":"Accueil"}]},{"@type":"WebSite","@id":"https:\/\/www.vivre-libre-en-soi.net\/#website","url":"https:\/\/www.vivre-libre-en-soi.net\/","name":"Vivre libre en soi","description":"","publisher":{"@id":"https:\/\/www.vivre-libre-en-soi.net\/#organization"},"potentialAction":[{"@type":"SearchAction","target":{"@type":"EntryPoint","urlTemplate":"https:\/\/www.vivre-libre-en-soi.net\/?s={search_term_string}"},"query-input":{"@type":"PropertyValueSpecification","valueRequired":true,"valueName":"search_term_string"}}],"inLanguage":"fr-FR"},{"@type":"Organization","@id":"https:\/\/www.vivre-libre-en-soi.net\/#organization","name":"Vivre libre en soi","url":"https:\/\/www.vivre-libre-en-soi.net\/","logo":{"@type":"ImageObject","inLanguage":"fr-FR","@id":"https:\/\/www.vivre-libre-en-soi.net\/#\/schema\/logo\/image\/","url":"https:\/\/www.vivre-libre-en-soi.net\/wp-content\/uploads\/2024\/02\/favicon-VLES.png","contentUrl":"https:\/\/www.vivre-libre-en-soi.net\/wp-content\/uploads\/2024\/02\/favicon-VLES.png","width":1067,"height":1067,"caption":"Vivre libre en soi"},"image":{"@id":"https:\/\/www.vivre-libre-en-soi.net\/#\/schema\/logo\/image\/"}}]}},"_links":{"self":[{"href":"https:\/\/www.vivre-libre-en-soi.net\/index.php?rest_route=\/wp\/v2\/pages\/1478","targetHints":{"allow":["GET"]}}],"collection":[{"href":"https:\/\/www.vivre-libre-en-soi.net\/index.php?rest_route=\/wp\/v2\/pages"}],"about":[{"href":"https:\/\/www.vivre-libre-en-soi.net\/index.php?rest_route=\/wp\/v2\/types\/page"}],"author":[{"embeddable":true,"href":"https:\/\/www.vivre-libre-en-soi.net\/index.php?rest_route=\/wp\/v2\/users\/1"}],"replies":[{"embeddable":true,"href":"https:\/\/www.vivre-libre-en-soi.net\/index.php?rest_route=%2Fwp%2Fv2%2Fcomments&post=1478"}],"version-history":[{"count":1546,"href":"https:\/\/www.vivre-libre-en-soi.net\/index.php?rest_route=\/wp\/v2\/pages\/1478\/revisions"}],"predecessor-version":[{"id":3337,"href":"https:\/\/www.vivre-libre-en-soi.net\/index.php?rest_route=\/wp\/v2\/pages\/1478\/revisions\/3337"}],"wp:featuredmedia":[{"embeddable":true,"href":"https:\/\/www.vivre-libre-en-soi.net\/index.php?rest_route=\/wp\/v2\/media\/3300"}],"wp:attachment":[{"href":"https:\/\/www.vivre-libre-en-soi.net\/index.php?rest_route=%2Fwp%2Fv2%2Fmedia&parent=1478"}],"curies":[{"name":"wp","href":"https:\/\/api.w.org\/{rel}","templated":true}]}}